{"id":2341,"date":"2020-01-18T11:33:39","date_gmt":"2020-01-18T10:33:39","guid":{"rendered":"https:\/\/www.nalo.es\/?page_id=2341"},"modified":"2020-01-27T15:52:42","modified_gmt":"2020-01-27T14:52:42","slug":"confecciones-nalo","status":"publish","type":"page","link":"https:\/\/www.nalo.es\/fr\/","title":{"rendered":"Confecciones Nalo"},"content":{"rendered":"[vc_row fullwidth=\u00a0\u00bb1&Prime; el_class=\u00a0\u00bbbanner-fullwidth\u00a0\u00bb el_id=\u00a0\u00bbempresa\u00a0\u00bb][vc_column][rev_slider_vc alias=\u00a0\u00bbhome-1&Prime;][\/vc_column][\/vc_row][vc_row el_class=\u00a0\u00bbtop-banner\u00a0\u00bb css=\u00a0\u00bb.vc_custom_1568807785788{margin-top: 70px !important;margin-bottom: 70px !important;}\u00a0\u00bb][vc_column][vc_row_inner][vc_column_inner width=\u00a0\u00bb1\/3&Prime;][vc_column_text css_animation=\u00a0\u00bbright-to-left\u00a0\u00bb]\n<h2><span style=\"font-size: 28pt;\">Confecciones<br \/>\nNalo<\/span><\/h2>\n<p>Nous concevons et fabriquons des textiles tant pour hommes que pour femmes.[\/vc_column_text][\/vc_column_inner][vc_column_inner width=\u00a0\u00bb1\/3&Prime;][vc_column_text css_animation=\u00a0\u00bbleft-to-right\u00a0\u00bb]\n<p style=\"text-align: justify;\">Nous sommes une entreprise familiale de textile fond\u00e9e en 1950. Nos origines remontent \u00e0 la fabrication de pantalons de costume pour hommes.<\/p>\n<p style=\"text-align: justify;\">Actuellement, notre collection est sp\u00e9cialis\u00e9e dans des mod\u00e8les allant d&rsquo;un style classique \u00e0 un style sport beaucoup plus urbain, tant pour hommes que pour femmes. En outre, le lancement de notre nouvelle collection de tricots pour femmes est tr\u00e8s attendu.<\/p>\n<p style=\"text-align: justify;\">Notre \u00e9chantillon est compos\u00e9 de plus de 400 v\u00eatements de diff\u00e9rents tissus, mod\u00e8les et motifs.<\/p>\n[\/vc_column_text][\/vc_column_inner][vc_column_inner width=\u00a0\u00bb1\/3&Prime;][vc_column_text css_animation=\u00a0\u00bbleft-to-right\u00a0\u00bb]\n<p style=\"text-align: justify;\">Nous avons mis\u00e9 sur une politique claire de cr\u00e9ation manufacturi\u00e8re nationale afin d&rsquo;offrir \u00e0 nos clients un service personnalis\u00e9 et un produit qui combine des tissus et des mat\u00e9riaux de la plus haute qualit\u00e9 avec des processus de contr\u00f4le de production exhaustifs, pour pouvoir offrir des v\u00eatements avec un excellent rapport qualit\u00e9 prix.<\/p>\n<p style=\"text-align: justify;\">L\u2019internationalisation est l\u2019un de nos principaux objectifs, comme le prouve le fait que nos r\u00e9seaux commerciaux s\u2019\u00e9tendent actuellement sur l&rsquo;Espagne, le Portugal, la Gr\u00e8ce, la France, l&rsquo;Irlande, les Pays-Bas, la Belgique, le Costa Rica, le Guatemala, le Mexique et le Chili.<\/p>\n[\/vc_column_text][\/vc_column_inner][\/vc_row_inner][\/vc_column][\/vc_row][vc_row content_placement=\u00a0\u00bbmiddle\u00a0\u00bb fullwidth=\u00a0\u00bb1&Prime; css=\u00a0\u00bb.vc_custom_1579343900662{margin-top: 0px !important;margin-bottom: 0px !important;padding-top: 300px !important;padding-bottom: 299px !important;background-image: url(https:\/\/www.nalo.es\/wp-content\/uploads\/confecciones_nalo-home-02.jpg?id=2208) !important;}\u00a0\u00bb el_id=\u00a0\u00bbphilosophie\u00a0\u00bb][vc_column][\/vc_column][\/vc_row][vc_row el_class=\u00a0\u00bbtop-banner\u00a0\u00bb css=\u00a0\u00bb.vc_custom_1568807766257{margin-top: 70px !important;margin-bottom: 70px !important;}\u00a0\u00bb][vc_column][vc_row_inner][vc_column_inner width=\u00a0\u00bb1\/3&Prime;][vc_column_text css_animation=\u00a0\u00bbright-to-left\u00a0\u00bb]\n<h2><span style=\"font-size: 28pt;\">Notre<br \/>\nPhilosophie<\/span><\/h2>\n<p>La polyvalence, le dynamisme et l\u2019esprit de d\u00e9passement nous permettent d\u2019am\u00e9liorer notre produit chaque jour.[\/vc_column_text][\/vc_column_inner][vc_column_inner width=\u00a0\u00bb1\/3&Prime;][vc_column_text css_animation=\u00a0\u00bbleft-to-right\u00a0\u00bb]\n<p style=\"text-align: justify;\">Pendant toutes ces ann\u00e9es, \u00e0 Confecciones Nalo, nous avons \u00e9volu\u00e9 tant au niveau des mati\u00e8res premi\u00e8res, des finitions et des teintures que dans la fa\u00e7on dont nous r\u00e9alisons nos mod\u00e8les, m\u00e9langeant le travail manuel avec la robotique la plus avanc\u00e9e du march\u00e9.<\/p>\n[\/vc_column_text][\/vc_column_inner][vc_column_inner width=\u00a0\u00bb1\/3&Prime;][vc_column_text css_animation=\u00a0\u00bbleft-to-right\u00a0\u00bb]\n<p style=\"text-align: justify;\">Notre philosophie s&rsquo;est progressivement modifi\u00e9e pour pouvoir offrir toute la demande dont le client a besoin, afin de pouvoir nous diff\u00e9rencier des autres entreprises du secteur, et vous offrir le meilleur.<\/p>\n<p style=\"text-align: justify;\">Notre revendication constante est \u00abLa qualit\u00e9 dans chaque d\u00e9tail\u00bb.<\/p>\n[\/vc_column_text][\/vc_column_inner][\/vc_row_inner][\/vc_column][\/vc_row][vc_row content_placement=\u00a0\u00bbmiddle\u00a0\u00bb fullwidth=\u00a0\u00bb1&Prime; css=\u00a0\u00bb.vc_custom_1579538741420{margin-top: 0px !important;margin-bottom: 0px !important;padding-top: 300px !important;padding-bottom: 299px !important;background-image: url(https:\/\/www.nalo.es\/wp-content\/uploads\/confecciones_nalo-home-001.jpg?id=2530) !important;}\u00a0\u00bb el_id=\u00a0\u00bbadn\u00a0\u00bb][vc_column][\/vc_column][\/vc_row][vc_row el_class=\u00a0\u00bbtop-banner\u00a0\u00bb css=\u00a0\u00bb.vc_custom_1568807814247{margin-top: 70px !important;margin-bottom: 70px !important;}\u00a0\u00bb][vc_column][vc_row_inner][vc_column_inner width=\u00a0\u00bb1\/3&Prime;][vc_column_text css_animation=\u00a0\u00bbright-to-left\u00a0\u00bb]\n<h2><span style=\"font-size: 28pt;\">Notre<br \/>\nADN<\/span><\/h2>\n<p>L\u2019\u00e9quilibre entre mode et prix nous permet de fid\u00e9liser nos clients et nos fournisseurs.[\/vc_column_text][\/vc_column_inner][vc_column_inner width=\u00a0\u00bb1\/3&Prime;][vc_column_text css_animation=\u00a0\u00bbleft-to-right\u00a0\u00bb]\n<p style=\"text-align: justify;\">Le choix de mat\u00e9riaux de haute qualit\u00e9, un excellent ajustement dans la coupe des v\u00eatements et des d\u00e9tails fonctionnels sont les attributs essentiels de nos v\u00eatements. Des pantalons, il y en a beaucoup, mais le fitting parfait est difficile \u00e0 trouver.<\/p>\n<p style=\"text-align: justify;\">L&rsquo;am\u00e9lioration des produits est ce que nous faisons depuis plus de 40 ans avec un contr\u00f4le de qualit\u00e9 personnalis\u00e9 sur chaque v\u00eatement fini.<\/p>\n[\/vc_column_text][\/vc_column_inner][vc_column_inner width=\u00a0\u00bb1\/3&Prime;][vc_column_text css_animation=\u00a0\u00bbleft-to-right\u00a0\u00bb]\n<p style=\"text-align: justify;\">Notre objectif a \u00e9t\u00e9 tr\u00e8s clair d\u00e8s le d\u00e9but: cr\u00e9er une marque qui comprenne l&rsquo;homme et la femme d\u2019aujourd\u2019hui en mettant de la qualit\u00e9 dans chaque d\u00e9tail, au prix le plus comp\u00e9titif.<\/p>\n<p style=\"text-align: justify;\">Nos tissus sont s\u00e9lectionn\u00e9s parmi les meilleurs laines, coton, lin, tencel&#8230; qu\u2019il y a sur le march\u00e9, cr\u00e9ant un lien solide avec nos fournisseurs.<\/p>\n[\/vc_column_text][\/vc_column_inner][\/vc_row_inner][\/vc_column][\/vc_row][vc_row content_placement=\u00a0\u00bbmiddle\u00a0\u00bb fullwidth=\u00a0\u00bb1&Prime; css=\u00a0\u00bb.vc_custom_1579344060391{margin-top: 0px !important;margin-bottom: 0px !important;padding-top: 300px !important;padding-bottom: 299px !important;background-image: url(https:\/\/www.nalo.es\/wp-content\/uploads\/confecciones_nalo-home-03.jpg?id=2209) !important;}\u00a0\u00bb el_id=\u00a0\u00bbobjectif\u00a0\u00bb][vc_column][\/vc_column][\/vc_row][vc_row el_class=\u00a0\u00bbtop-banner\u00a0\u00bb css=\u00a0\u00bb.vc_custom_1568652963059{margin-top: 70px !important;margin-bottom: 70px !important;}\u00a0\u00bb][vc_column css=\u00a0\u00bb.vc_custom_1568821769235{margin-bottom: 0px !important;}\u00a0\u00bb][vc_row_inner][vc_column_inner width=\u00a0\u00bb1\/3&Prime;][vc_column_text css_animation=\u00a0\u00bbright-to-left\u00a0\u00bb]\n<h2><span style=\"font-size: 28pt;\">Notre<br \/>\nObjectif<\/span><\/h2>\n<p>Cr\u00e9er des produits durables, \u00e9labor\u00e9s en respectant l&rsquo;environnement et en prot\u00e9geant les personnes et les communaut\u00e9s qui ont particip\u00e9 au processus.[\/vc_column_text][\/vc_column_inner][vc_column_inner width=\u00a0\u00bb1\/3&Prime;][vc_column_text css_animation=\u00a0\u00bbleft-to-right\u00a0\u00bb]\n<p style=\"text-align: justify;\">Nous nous sentons tr\u00e8s identifi\u00e9s avec le mouvement de mode durable ou Slow Fashion et le respect de l\u2019environnement, en offrant au consommateur une marque positive de s\u00e9curit\u00e9 au sujet des valeurs \u00e9thiques de nos produits.<\/p>\n<p style=\"text-align: justify;\">Non seulement nous pr\u00eatons attention \u00e0 une qualit\u00e9 excellente, mais nous assumons \u00e9galement une responsabilit\u00e9. Le respect des normes \u00e9cologiques et sociales internationales dans notre propre production europ\u00e9enne est r\u00e9guli\u00e8rement contr\u00f4l\u00e9 sur place.<\/p>\n[\/vc_column_text][\/vc_column_inner][vc_column_inner width=\u00a0\u00bb1\/3&Prime;][vc_column_text css_animation=\u00a0\u00bbleft-to-right\u00a0\u00bb]\n<p style=\"text-align: justify;\">Nous misons sur le coton organique et les tissus en g\u00e9n\u00e9ral, dont le processus de fabrication a permis de r\u00e9duire la consommation d\u2019eau.<\/p>\n<p style=\"text-align: justify;\">Nous assumons \u00e9galement notre responsabilit\u00e9 environnementale avec nos laveries ayant une station d\u2019\u00e9puration int\u00e9gr\u00e9e. Nous misons sur l\u2019investissement durable, en appliquant des lavages \u00e0 l\u2019ozone et sans produits chimiques, et toujours sans oublier la qualit\u00e9, l\u2019\u00e9thique et un bon prix.<\/p>\n[\/vc_column_text][\/vc_column_inner][\/vc_row_inner][vc_row_inner css=\u00a0\u00bb.vc_custom_1568821746166{margin-bottom: 0px !important;}\u00a0\u00bb][vc_column_inner width=\u00a0\u00bb1\/4&Prime;][vc_single_image image=\u00a0\u00bb2278&Prime; img_size=\u00a0\u00bbfull\u00a0\u00bb alignment=\u00a0\u00bbcenter\u00a0\u00bb css_animation=\u00a0\u00bbfadeInUp\u00a0\u00bb][\/vc_column_inner][vc_column_inner width=\u00a0\u00bb1\/4&Prime;][vc_single_image image=\u00a0\u00bb2282&Prime; img_size=\u00a0\u00bbfull\u00a0\u00bb alignment=\u00a0\u00bbcenter\u00a0\u00bb css_animation=\u00a0\u00bbfadeInUp\u00a0\u00bb][\/vc_column_inner][vc_column_inner width=\u00a0\u00bb1\/4&Prime;][vc_single_image image=\u00a0\u00bb2276&Prime; img_size=\u00a0\u00bbfull\u00a0\u00bb alignment=\u00a0\u00bbcenter\u00a0\u00bb css_animation=\u00a0\u00bbfadeInUp\u00a0\u00bb][\/vc_column_inner][vc_column_inner width=\u00a0\u00bb1\/4&Prime;][vc_single_image image=\u00a0\u00bb2277&Prime; img_size=\u00a0\u00bbfull\u00a0\u00bb alignment=\u00a0\u00bbcenter\u00a0\u00bb css_animation=\u00a0\u00bbfadeInUp\u00a0\u00bb][\/vc_column_inner][\/vc_row_inner][\/vc_column][\/vc_row][vc_row content_placement=\u00a0\u00bbmiddle\u00a0\u00bb fullwidth=\u00a0\u00bb1&Prime; css=\u00a0\u00bb.vc_custom_1579344142491{margin-top: 0px !important;margin-bottom: 0px !important;padding-top: 300px !important;padding-bottom: 299px !important;background-image: url(https:\/\/www.nalo.es\/wp-content\/uploads\/confecciones_nalo-home-04.jpg?id=2286) !important;}\u00a0\u00bb el_id=\u00a0\u00bbmarques\u00a0\u00bb][vc_column][\/vc_column][\/vc_row][vc_row el_class=\u00a0\u00bbtop-banner\u00a0\u00bb css=\u00a0\u00bb.vc_custom_1568652963059{margin-top: 70px !important;margin-bottom: 70px !important;}\u00a0\u00bb][vc_column][vc_row_inner][vc_column_inner]<div class=\"brand_widget \"><div class=\"inner-content \">\t\t\t<div data-dots=\"false\" data-nav=\"true\" data-owl=\"slide\" data-ow-rtl=\"false\" data-data-desksmall=\"1\" data-tabletsmall=\"1\" data-mobile=\"1\" data-tablet=\"1\" data-margin=\"50\" data-item-slide=\"6\" data-autoplay=\"true\" data-playtimeout=\"5000\" data-speed=\"250\"  class=\"owl-carousel owl-theme brands-slide \">\t\t\t\t\t\t\t\t\t\t\t<div class=\"brand_item wow fadeIn \" data-wow-delay=\"100ms\" data-wow-duration=\"0.5s\">\n\t\t\t\t\t<a href=\"https:\/\/lucan.es\/\" title=\"Lucan\">\n\t\t\t\t\t\t<img decoding=\"async\" src=\"https:\/\/www.nalo.es\/wp-content\/uploads\/confeccionas_nalo-lucan.png\" alt=\"Lucan\" \/>\n\t\t\t\t\t<\/a>\n\t\t\t\t<\/div>\n\t\t\t\t\t\t\t\t\t\t\t\t\t\t\t<div class=\"brand_item wow fadeIn \" data-wow-delay=\"200ms\" data-wow-duration=\"0.5s\">\n\t\t\t\t\t<a href=\"https:\/\/lcdnbrand.com\/\" title=\"LCdN\">\n\t\t\t\t\t\t<img decoding=\"async\" src=\"https:\/\/www.nalo.es\/wp-content\/uploads\/confeccionas_nalo-lcdn.png\" alt=\"LCdN\" \/>\n\t\t\t\t\t<\/a>\n\t\t\t\t<\/div>\n\t\t\t\t\t\t\t\t\t\t\t\t\t\t\t<div class=\"brand_item wow fadeIn \" data-wow-delay=\"300ms\" data-wow-duration=\"0.5s\">\n\t\t\t\t\t<a href=\"\" title=\"LCdN75\">\n\t\t\t\t\t\t<img decoding=\"async\" src=\"https:\/\/www.nalo.es\/wp-content\/uploads\/confeccionas_nalo-lcdn75.png\" alt=\"LCdN75\" \/>\n\t\t\t\t\t<\/a>\n\t\t\t\t<\/div>\n\t\t\t\t\t\t\t\t\t\t\t\t\t\t\t<div class=\"brand_item wow fadeIn \" data-wow-delay=\"400ms\" data-wow-duration=\"0.5s\">\n\t\t\t\t\t<a href=\"\" title=\"Red Wave\">\n\t\t\t\t\t\t<img decoding=\"async\" src=\"https:\/\/www.nalo.es\/wp-content\/uploads\/confeccionas_nalo-redwave.png\" alt=\"Red Wave\" \/>\n\t\t\t\t\t<\/a>\n\t\t\t\t<\/div>\n\t\t\t\t\t\t\t\t\t\t\t\t\t\t\t<div class=\"brand_item wow fadeIn \" data-wow-delay=\"500ms\" data-wow-duration=\"0.5s\">\n\t\t\t\t\t<a href=\"\" title=\"LCdN Woman\">\n\t\t\t\t\t\t<img decoding=\"async\" src=\"https:\/\/www.nalo.es\/wp-content\/uploads\/confeccionas_nalo-lcdn_woman.png\" alt=\"LCdN Woman\" \/>\n\t\t\t\t\t<\/a>\n\t\t\t\t<\/div>\n\t\t\t\t\t\t\t\t\t\t\t\t\t\t\t<div class=\"brand_item wow fadeIn \" data-wow-delay=\"600ms\" data-wow-duration=\"0.5s\">\n\t\t\t\t\t<a href=\"\" title=\"Low Low\">\n\t\t\t\t\t\t<img decoding=\"async\" src=\"https:\/\/www.nalo.es\/wp-content\/uploads\/confeccionas_nalo-lowlow.png\" alt=\"Low Low\" \/>\n\t\t\t\t\t<\/a>\n\t\t\t\t<\/div>\n\t\t\t\t\t\t\t\t\t<\/div>\n\t<\/div><\/div>[\/vc_column_inner][\/vc_row_inner][\/vc_column][\/vc_row][vc_row content_placement=\u00a0\u00bbmiddle\u00a0\u00bb fullwidth=\u00a0\u00bb1&Prime; css=\u00a0\u00bb.vc_custom_1579508903073{margin-top: 0px !important;margin-bottom: 0px !important;}\u00a0\u00bb el_id=\u00a0\u00bbcontact\u00a0\u00bb el_class=\u00a0\u00bbtop-banner\u00a0\u00bb][vc_column width=\u00a0\u00bb2\/3&Prime;][vc_gmaps link=\u00a0\u00bb#E-8_JTNDaWZyYW1lJTIwc3JjJTNEJTIyaHR0cHMlM0ElMkYlMkZ3d3cuZ29vZ2xlLmNvbSUyRm1hcHMlMkZlbWJlZCUzRnBiJTNEJTIxMW0xOCUyMTFtMTIlMjExbTMlMjExZDMxMjcuNTkzOTMwNTk4Nzc3NyUyMTJkLTQuODU2Mzc2Mjg0NjY0NzM1JTIxM2QzOC4zODE1MTQyNzk2NTM1MSUyMTJtMyUyMTFmMCUyMTJmMCUyMTNmMCUyMTNtMiUyMTFpMTAyNCUyMTJpNzY4JTIxNGYxMy4xJTIxM20zJTIxMW0yJTIxMXMweGQ2Y2JhZDViZGM5YTk1ZiUyNTNBMHhlMzJiMTQyYjMzNzBmOTRjJTIxMnNDb25mZWNjaW9uZXMlMjUyME5hbG8lMjE1ZTAlMjEzbTIlMjExc2VzJTIxMnNlcyUyMTR2MTU2ODg3MzA5ODQwNiUyMTVtMiUyMTFzZXMlMjEyc2VzJTIyJTIwd2lkdGglM0QlMjI2MDAlMjIlMjBoZWlnaHQlM0QlMjI0NTAlMjIlMjBmcmFtZWJvcmRlciUzRCUyMjAlMjIlMjBzdHlsZSUzRCUyMmJvcmRlciUzQTAlM0IlMjIlMjBhbGxvd2Z1bGxzY3JlZW4lM0QlMjIlMjIlM0UlM0MlMkZpZnJhbWUlM0U=\u00a0\u00bb css_animation=\u00a0\u00bbleft-to-right\u00a0\u00bb][\/vc_column][vc_column css_animation=\u00a0\u00bbright-to-left\u00a0\u00bb width=\u00a0\u00bb1\/3&Prime; css=\u00a0\u00bb.vc_custom_1568881072521{padding-left: 40px !important;}\u00a0\u00bb][vc_column_text css_animation=\u00a0\u00bbnone\u00a0\u00bb css=\u00a0\u00bb.vc_custom_1579344167769{padding-bottom: 40px !important;}\u00a0\u00bb]\n<h2><span style=\"font-size: 28pt;\">Contact<\/span><\/h2>\n[\/vc_column_text]\n<div class=\"wpcf7 no-js\" id=\"wpcf7-f2568-o1\" lang=\"es-ES\" dir=\"ltr\">\n<div class=\"screen-reader-response\"><p role=\"status\" aria-live=\"polite\" aria-atomic=\"true\"><\/p> <ul><\/ul><\/div>\n<form action=\"\/fr\/wp-json\/wp\/v2\/pages\/2341#wpcf7-f2568-o1\" method=\"post\" class=\"wpcf7-form init\" aria-label=\"Formulario de contacto\" novalidate=\"novalidate\" data-status=\"init\">\n<div style=\"display: none;\">\n<input type=\"hidden\" name=\"_wpcf7\" value=\"2568\" \/>\n<input type=\"hidden\" name=\"_wpcf7_version\" value=\"5.9.6\" \/>\n<input type=\"hidden\" name=\"_wpcf7_locale\" value=\"es_ES\" \/>\n<input type=\"hidden\" name=\"_wpcf7_unit_tag\" value=\"wpcf7-f2568-o1\" \/>\n<input type=\"hidden\" name=\"_wpcf7_container_post\" value=\"0\" \/>\n<input type=\"hidden\" name=\"_wpcf7_posted_data_hash\" value=\"\" \/>\n<input type=\"hidden\" name=\"_wpcf7_recaptcha_response\" value=\"\" \/>\n<\/div>\n<form>\n\t<div>\n\t\t<p><span class=\"wpcf7-form-control-wrap\" data-name=\"nombre\"><input size=\"40\" maxlength=\"80\" class=\"wpcf7-form-control wpcf7-text wpcf7-validates-as-required\" aria-required=\"true\" aria-invalid=\"false\" placeholder=\"Nom\" value=\"\" type=\"text\" name=\"nombre\" \/><\/span>\n\t\t<\/p>\n\t<\/div>\n\t<div>\n\t\t<p><span class=\"wpcf7-form-control-wrap\" data-name=\"telefono\"><input size=\"40\" maxlength=\"80\" class=\"wpcf7-form-control wpcf7-tel wpcf7-validates-as-required wpcf7-text wpcf7-validates-as-tel\" aria-required=\"true\" aria-invalid=\"false\" placeholder=\"T\u00e9l\u00e9phone\" value=\"\" type=\"tel\" name=\"telefono\" \/><\/span>\n\t\t<\/p>\n\t<\/div>\n\t<div>\n\t\t<p><span class=\"wpcf7-form-control-wrap\" data-name=\"email\"><input size=\"40\" maxlength=\"80\" class=\"wpcf7-form-control wpcf7-email wpcf7-validates-as-required wpcf7-text wpcf7-validates-as-email\" aria-required=\"true\" aria-invalid=\"false\" placeholder=\"Adresse email\" value=\"\" type=\"email\" name=\"email\" \/><\/span>\n\t\t<\/p>\n\t<\/div>\n\t<div>\n\t\t<p><span class=\"wpcf7-form-control-wrap\" data-name=\"comentario\"><textarea cols=\"40\" rows=\"10\" maxlength=\"400\" class=\"wpcf7-form-control wpcf7-textarea wpcf7-validates-as-required\" aria-required=\"true\" aria-invalid=\"false\" placeholder=\"Question\" name=\"comentario\"><\/textarea><\/span>\n\t\t<\/p>\n\t<\/div>\n\t<p><span class=\"wpcf7-form-control-wrap\" data-name=\"AvisoLegal\"><span class=\"wpcf7-form-control wpcf7-acceptance\"><span class=\"wpcf7-list-item\"><input type=\"checkbox\" name=\"AvisoLegal\" value=\"1\" aria-invalid=\"false\" \/><\/span><\/span><\/span> J'ai lu et j'accepte les <a href=\"https:\/\/www.nalo.surindustrial.com\/avertissement-legal\/\" target=\"_blank\">Avertissement l\u00e9gal<\/a>.\n\t<\/p>\n\t<div>\n\t\t<p>&nbsp;\n\t\t<\/p>\n\t<\/div>\n\t<div class=\"button\">\n\t\t<p><input class=\"wpcf7-form-control wpcf7-submit has-spinner\" type=\"submit\" value=\"Enviar\" \/>\n\t\t<\/p>\n\t<\/div>\n<\/form><p style=\"display: none !important;\" class=\"akismet-fields-container\" data-prefix=\"_wpcf7_ak_\"><label>&#916;<textarea name=\"_wpcf7_ak_hp_textarea\" cols=\"45\" rows=\"8\" maxlength=\"100\"><\/textarea><\/label><input type=\"hidden\" id=\"ak_js_1\" name=\"_wpcf7_ak_js\" value=\"130\"\/><script>document.getElementById( \"ak_js_1\" ).setAttribute( \"value\", ( new Date() ).getTime() );<\/script><\/p><div class=\"wpcf7-response-output\" aria-hidden=\"true\"><\/div>\n<\/form>\n<\/div>\n[\/vc_column][\/vc_row][vc_row css_animation=\u00a0\u00bbfadeInUp\u00a0\u00bb el_class=\u00a0\u00bbtop-banner\u00a0\u00bb css=\u00a0\u00bb.vc_custom_1579521850744{margin-top: 70px !important;margin-bottom: 70px !important;}\u00a0\u00bb][vc_column][vc_row_inner][vc_column_inner width=\u00a0\u00bb1\/2&Prime;][vc_icon icon_fontawesome=\u00a0\u00bbfa fa-map-marker\u00a0\u00bb color=\u00a0\u00bbblack\u00a0\u00bb size=\u00a0\u00bblg\u00a0\u00bb align=\u00a0\u00bbcenter\u00a0\u00bb][vc_custom_heading text=\u00a0\u00bbADRESSE\u00a0\u00bb font_container=\u00a0\u00bbtag:h2|text_align:center\u00a0\u00bb use_theme_fonts=\u00a0\u00bbyes\u00a0\u00bb sub_heading_tag=\u00a0\u00bbh1&Prime;][vc_column_text]\n<p style=\"text-align: center;\">Calle Ntra. Sra. de la Esperanza 1<br \/>\n14400 Pozoblanco (Cordoba), Espagne<\/p>\n[\/vc_column_text][\/vc_column_inner][vc_column_inner width=\u00a0\u00bb1\/2&Prime;][vc_icon icon_fontawesome=\u00a0\u00bbfa fa-phone\u00a0\u00bb color=\u00a0\u00bbblack\u00a0\u00bb size=\u00a0\u00bblg\u00a0\u00bb align=\u00a0\u00bbcenter\u00a0\u00bb][vc_custom_heading text=\u00a0\u00bbT\u00c9L\u00c9PHONEZ\u00a0\u00bb font_container=\u00a0\u00bbtag:h2|text_align:center\u00a0\u00bb use_theme_fonts=\u00a0\u00bbyes\u00a0\u00bb sub_heading_tag=\u00a0\u00bbh1&Prime;][vc_column_text]\n<p style=\"text-align: center;\">+34 957 770 654<\/p>\n[\/vc_column_text][\/vc_column_inner][\/vc_row_inner][\/vc_column][\/vc_row][vc_row content_placement=\u00a0\u00bbbottom\u00a0\u00bb fullwidth=\u00a0\u00bb1&Prime; css=\u00a0\u00bb.vc_custom_1579521844260{margin-top: 0px !important;margin-bottom: 0px !important;background-color: #181818 !important;}\u00a0\u00bb][vc_column][vc_video link=\u00a0\u00bbhttps:\/\/vimeo.com\/385951658&Prime;][\/vc_column][\/vc_row]\n","protected":false},"excerpt":{"rendered":"<p>[vc_row fullwidth=\u00a0\u00bb1&Prime; el_class=\u00a0\u00bbbanner-fullwidth\u00a0\u00bb el_id=\u00a0\u00bbempresa\u00a0\u00bb][vc_column][rev_slider_vc alias=\u00a0\u00bbhome-1&Prime;][\/vc_column][\/vc_row][vc_row el_class=\u00a0\u00bbtop-banner\u00a0\u00bb css=\u00a0\u00bb.vc_custom_1568807785788{margin-top: 70px !important;margin-bottom: 70px !important;}\u00a0\u00bb][vc_column][vc_row_inner][vc_column_inner width=\u00a0\u00bb1\/3&Prime;][vc_column_text css_animation=\u00a0\u00bbright-to-left\u00a0\u00bb] Confecciones Nalo Nous &hellip;<\/p>\n","protected":false},"author":1,"featured_media":0,"parent":0,"menu_order":0,"comment_status":"closed","ping_status":"closed","template":"page-templates\/fullwidth-template.php","meta":{"footnotes":""},"yoast_head":"<!-- This site is optimized with the Yoast SEO plugin v22.9 - https:\/\/yoast.com\/wordpress\/plugins\/seo\/ -->\n<title>- NALO<\/title>\n<meta name=\"robots\" content=\"index, follow, max-snippet:-1, max-image-preview:large, max-video-preview:-1\" \/>\n<link rel=\"canonical\" href=\"https:\/\/www.nalo.es\/fr\/\" \/>\n<meta property=\"og:locale\" content=\"fr_FR\" \/>\n<meta property=\"og:type\" content=\"article\" \/>\n<meta property=\"og:title\" content=\"- NALO\" \/>\n<meta property=\"og:description\" content=\"[vc_row fullwidth=\u00a0\u00bb1&Prime; el_class=\u00a0\u00bbbanner-fullwidth\u00a0\u00bb el_id=\u00a0\u00bbempresa\u00a0\u00bb][vc_column][rev_slider_vc alias=\u00a0\u00bbhome-1&Prime;][\/vc_column][\/vc_row][vc_row el_class=\u00a0\u00bbtop-banner\u00a0\u00bb css=\u00a0\u00bb.vc_custom_1568807785788{margin-top: 70px !important;margin-bottom: 70px !important;}\u00a0\u00bb][vc_column][vc_row_inner][vc_column_inner width=\u00a0\u00bb1\/3&Prime;][vc_column_text css_animation=\u00a0\u00bbright-to-left\u00a0\u00bb] Confecciones Nalo Nous &hellip;\" \/>\n<meta property=\"og:url\" content=\"https:\/\/www.nalo.es\/fr\/\" \/>\n<meta property=\"og:site_name\" content=\"NALO\" \/>\n<meta property=\"article:modified_time\" content=\"2020-01-27T14:52:42+00:00\" \/>\n<meta name=\"twitter:card\" content=\"summary_large_image\" \/>\n<meta name=\"twitter:label1\" content=\"Dur\u00e9e de lecture estim\u00e9e\" \/>\n\t<meta name=\"twitter:data1\" content=\"8 minutes\" \/>\n<script type=\"application\/ld+json\" class=\"yoast-schema-graph\">{\"@context\":\"https:\/\/schema.org\",\"@graph\":[{\"@type\":\"WebPage\",\"@id\":\"https:\/\/www.nalo.es\/fr\/\",\"url\":\"https:\/\/www.nalo.es\/fr\/\",\"name\":\"- NALO\",\"isPartOf\":{\"@id\":\"https:\/\/www.nalo.es\/#website\"},\"datePublished\":\"2020-01-18T10:33:39+00:00\",\"dateModified\":\"2020-01-27T14:52:42+00:00\",\"breadcrumb\":{\"@id\":\"https:\/\/www.nalo.es\/fr\/#breadcrumb\"},\"inLanguage\":\"fr-FR\",\"potentialAction\":[{\"@type\":\"ReadAction\",\"target\":[\"https:\/\/www.nalo.es\/fr\/\"]}]},{\"@type\":\"BreadcrumbList\",\"@id\":\"https:\/\/www.nalo.es\/fr\/#breadcrumb\",\"itemListElement\":[{\"@type\":\"ListItem\",\"position\":1,\"name\":\"Portada\",\"item\":\"https:\/\/www.nalo.es\/fr\/\"},{\"@type\":\"ListItem\",\"position\":2,\"name\":\"Confecciones Nalo\"}]},{\"@type\":\"WebSite\",\"@id\":\"https:\/\/www.nalo.es\/#website\",\"url\":\"https:\/\/www.nalo.es\/\",\"name\":\"NALO\",\"description\":\"\",\"potentialAction\":[{\"@type\":\"SearchAction\",\"target\":{\"@type\":\"EntryPoint\",\"urlTemplate\":\"https:\/\/www.nalo.es\/?s={search_term_string}\"},\"query-input\":\"required name=search_term_string\"}],\"inLanguage\":\"fr-FR\"}]}<\/script>\n<!-- \/ Yoast SEO plugin. -->","yoast_head_json":{"title":"- NALO","robots":{"index":"index","follow":"follow","max-snippet":"max-snippet:-1","max-image-preview":"max-image-preview:large","max-video-preview":"max-video-preview:-1"},"canonical":"https:\/\/www.nalo.es\/fr\/","og_locale":"fr_FR","og_type":"article","og_title":"- NALO","og_description":"[vc_row fullwidth=\u00a0\u00bb1&Prime; el_class=\u00a0\u00bbbanner-fullwidth\u00a0\u00bb el_id=\u00a0\u00bbempresa\u00a0\u00bb][vc_column][rev_slider_vc alias=\u00a0\u00bbhome-1&Prime;][\/vc_column][\/vc_row][vc_row el_class=\u00a0\u00bbtop-banner\u00a0\u00bb css=\u00a0\u00bb.vc_custom_1568807785788{margin-top: 70px !important;margin-bottom: 70px !important;}\u00a0\u00bb][vc_column][vc_row_inner][vc_column_inner width=\u00a0\u00bb1\/3&Prime;][vc_column_text css_animation=\u00a0\u00bbright-to-left\u00a0\u00bb] Confecciones Nalo Nous &hellip;","og_url":"https:\/\/www.nalo.es\/fr\/","og_site_name":"NALO","article_modified_time":"2020-01-27T14:52:42+00:00","twitter_card":"summary_large_image","twitter_misc":{"Dur\u00e9e de lecture estim\u00e9e":"8 minutes"},"schema":{"@context":"https:\/\/schema.org","@graph":[{"@type":"WebPage","@id":"https:\/\/www.nalo.es\/fr\/","url":"https:\/\/www.nalo.es\/fr\/","name":"- NALO","isPartOf":{"@id":"https:\/\/www.nalo.es\/#website"},"datePublished":"2020-01-18T10:33:39+00:00","dateModified":"2020-01-27T14:52:42+00:00","breadcrumb":{"@id":"https:\/\/www.nalo.es\/fr\/#breadcrumb"},"inLanguage":"fr-FR","potentialAction":[{"@type":"ReadAction","target":["https:\/\/www.nalo.es\/fr\/"]}]},{"@type":"BreadcrumbList","@id":"https:\/\/www.nalo.es\/fr\/#breadcrumb","itemListElement":[{"@type":"ListItem","position":1,"name":"Portada","item":"https:\/\/www.nalo.es\/fr\/"},{"@type":"ListItem","position":2,"name":"Confecciones Nalo"}]},{"@type":"WebSite","@id":"https:\/\/www.nalo.es\/#website","url":"https:\/\/www.nalo.es\/","name":"NALO","description":"","potentialAction":[{"@type":"SearchAction","target":{"@type":"EntryPoint","urlTemplate":"https:\/\/www.nalo.es\/?s={search_term_string}"},"query-input":"required name=search_term_string"}],"inLanguage":"fr-FR"}]}},"_links":{"self":[{"href":"https:\/\/www.nalo.es\/fr\/wp-json\/wp\/v2\/pages\/2341"}],"collection":[{"href":"https:\/\/www.nalo.es\/fr\/wp-json\/wp\/v2\/pages"}],"about":[{"href":"https:\/\/www.nalo.es\/fr\/wp-json\/wp\/v2\/types\/page"}],"author":[{"embeddable":true,"href":"https:\/\/www.nalo.es\/fr\/wp-json\/wp\/v2\/users\/1"}],"replies":[{"embeddable":true,"href":"https:\/\/www.nalo.es\/fr\/wp-json\/wp\/v2\/comments?post=2341"}],"version-history":[{"count":16,"href":"https:\/\/www.nalo.es\/fr\/wp-json\/wp\/v2\/pages\/2341\/revisions"}],"predecessor-version":[{"id":2586,"href":"https:\/\/www.nalo.es\/fr\/wp-json\/wp\/v2\/pages\/2341\/revisions\/2586"}],"wp:attachment":[{"href":"https:\/\/www.nalo.es\/fr\/wp-json\/wp\/v2\/media?parent=2341"}],"curies":[{"name":"wp","href":"https:\/\/api.w.org\/{rel}","templated":true}]}}